{"id":5887,"date":"2019-05-19T10:30:16","date_gmt":"2019-05-19T13:30:16","guid":{"rendered":"https:\/\/colegiopassatempo.com.br\/?page_id=5887"},"modified":"2019-08-22T11:37:23","modified_gmt":"2019-08-22T14:37:23","slug":"bercario","status":"publish","type":"page","link":"https:\/\/colegiopassatempo.com.br\/?page_id=5887","title":{"rendered":"Ber\u00e7\u00e1rio"},"content":{"rendered":"[vc_row type=&#8221;full_width_background&#8221; full_screen_row_position=&#8221;middle&#8221; bg_color=&#8221;#f9f9f9&#8243; scene_position=&#8221;center&#8221; text_color=&#8221;dark&#8221; text_align=&#8221;left&#8221; top_padding=&#8221;4%&#8221; bottom_padding=&#8221;4%&#8221; overlay_strength=&#8221;0.3&#8243; shape_divider_position=&#8221;bottom&#8221; bg_image_animation=&#8221;none&#8221; shape_type=&#8221;&#8221;][vc_column column_padding=&#8221;padding-1-percent&#8221; column_padding_position=&#8221;all&#8221; background_color_opacity=&#8221;1&#8243; background_hover_color_opacity=&#8221;1&#8243; column_link_target=&#8221;_self&#8221; column_shadow=&#8221;none&#8221; column_border_radius=&#8221;none&#8221; width=&#8221;1\/3&#8243; tablet_width_inherit=&#8221;default&#8221; tablet_text_alignment=&#8221;default&#8221; phone_text_alignment=&#8221;default&#8221; column_border_width=&#8221;none&#8221; column_border_style=&#8221;solid&#8221; bg_image_animation=&#8221;none&#8221;][vc_column_text]\n<h2><span style=\"color: #50d18e;\">Proposta Pedag\u00f3gica<\/span><\/h2>\n[\/vc_column_text][vc_column_text]<span style=\"color: #999999;\">O Col\u00e9gio Passatempo se baseia na proposta s\u00f3cio-interacionista, visando o desenvolvimento do beb\u00ea como um todo atrav\u00e9s da intera\u00e7\u00e3o com o objeto e espa\u00e7o. Nesse contexto, a intera\u00e7\u00e3o aluno com as professoras e auxiliares tem um papel fundamental na constru\u00e7\u00e3o de sua identidade e autonomia.<br \/>\nCada beb\u00ea \u00e9 observado e conduzido de forma individual, respeitando a maturidade e o tempo de desenvolvimento de cada um. E um espa\u00e7o cheio de vida, de acolhimento, seguran\u00e7a e confian\u00e7a que garante oportunidades para que as crian\u00e7as experimentem sentimentos, convivam socialmente e desenvolvam o potencial de cada um.<br \/>\n<\/span>[\/vc_column_text][\/vc_column][vc_column column_padding=&#8221;padding-1-percent&#8221; column_padding_position=&#8221;all&#8221; background_color_opacity=&#8221;1&#8243; background_hover_color_opacity=&#8221;1&#8243; column_link_target=&#8221;_self&#8221; column_shadow=&#8221;none&#8221; column_border_radius=&#8221;none&#8221; width=&#8221;1\/3&#8243; tablet_width_inherit=&#8221;default&#8221; tablet_text_alignment=&#8221;default&#8221; phone_text_alignment=&#8221;default&#8221; column_border_width=&#8221;none&#8221; column_border_style=&#8221;solid&#8221; bg_image_animation=&#8221;none&#8221;][vc_column_text]\n<h3><strong><span style=\"color: #50d18e;\">Estrutura<\/span><\/strong><\/h3>\n[\/vc_column_text][vc_column_text]<span style=\"font-weight: 400; color: #999999;\">O ber\u00e7\u00e1rio possui um ambiente totalmente preparado e planejado para garantir a seguran\u00e7a, higiene, cuidado e o melhor desenvolvimento para dos nossos beb\u00eas.<\/span><\/p>\n<ul>\n<li style=\"font-weight: 400;\"><span style=\"color: #999999;\"><b>Frald\u00e1rio<\/b><span style=\"font-weight: 400;\">: Sala exclusiva para a higieniza\u00e7\u00e3o do beb\u00ea, utilizada para trocas de fraldas e banhos.\u00a0<\/span><\/span><\/li>\n<li style=\"font-weight: 400;\"><span style=\"color: #999999;\"><b>Espacinho sensorial<\/b><span style=\"font-weight: 400;\">: para beb\u00eas que ainda n\u00e3o andam e requerem um cuidado especial;<\/span><\/span><\/li>\n<li style=\"font-weight: 400;\"><span style=\"color: #999999;\"><b>Lact\u00e1rio<\/b><span style=\"font-weight: 400;\">: local exclusivo para manipula\u00e7\u00e3o de leite, e alimentos enviados pelos pais, equipado com pia, geladeira, micro-ondas e filtro de \u00e1gua;<\/span><\/span><\/li>\n<li><span style=\"color: #999999;\"><b>Sol\u00e1rio<\/b><\/span><span style=\"font-weight: 400;\"><span style=\"color: #999999;\">: local para os beb\u00eas pegarem um leve sol do in\u00edcio da manh\u00e3 e final da tarde. Al\u00e9m desse espa\u00e7o os bebes passeiam pelo col\u00e9gio e o parque I.<\/span> <\/span><\/li>\n<\/ul>\n[\/vc_column_text][\/vc_column][vc_column column_padding=&#8221;padding-1-percent&#8221; column_padding_position=&#8221;all&#8221; background_color_opacity=&#8221;1&#8243; background_hover_color_opacity=&#8221;1&#8243; column_link_target=&#8221;_self&#8221; column_shadow=&#8221;none&#8221; column_border_radius=&#8221;none&#8221; width=&#8221;1\/3&#8243; tablet_width_inherit=&#8221;default&#8221; tablet_text_alignment=&#8221;default&#8221; phone_text_alignment=&#8221;default&#8221; column_border_width=&#8221;none&#8221; column_border_style=&#8221;solid&#8221; bg_image_animation=&#8221;none&#8221;][vc_column_text]\n<h3><strong><span style=\"color: #50d18e;\">Higiene e limpeza dos ambientes<\/span><\/strong><\/h3>\n[\/vc_column_text][vc_column_text]\n<ul>\n<li style=\"font-weight: 400;\"><span style=\"font-weight: 400; color: #999999;\">Esteriliza\u00e7\u00e3o do frald\u00e1rio ap\u00f3s cada troca;<\/span><\/li>\n<li style=\"font-weight: 400;\"><span style=\"font-weight: 400; color: #999999;\">Esteriliza\u00e7\u00e3o da sala principal 3x ao dia;<\/span><\/li>\n<li style=\"font-weight: 400;\"><span style=\"font-weight: 400; color: #999999;\">Lact\u00e1rio: local exclusivo para manipula\u00e7\u00e3o de leite e alimentos enviados pelos pais (frutas, almo\u00e7o e jantar);<\/span><\/li>\n<li style=\"font-weight: 400;\"><span style=\"font-weight: 400; color: #999999;\">Banheira e trocador;<\/span><\/li>\n<li style=\"font-weight: 400;\"><span style=\"font-weight: 400; color: #999999;\">Luvas descart\u00e1veis a cada troca de fralda;<\/span><\/li>\n<\/ul>\n[\/vc_column_text][\/vc_column][\/vc_row][vc_row type=&#8221;full_width_background&#8221; full_screen_row_position=&#8221;middle&#8221; scene_position=&#8221;center&#8221; text_color=&#8221;dark&#8221; text_align=&#8221;left&#8221; bottom_padding=&#8221;7%&#8221; overlay_strength=&#8221;0.3&#8243; shape_divider_position=&#8221;bottom&#8221; bg_image_animation=&#8221;none&#8221; shape_type=&#8221;&#8221;][vc_column column_padding=&#8221;no-extra-padding&#8221; column_padding_position=&#8221;all&#8221; background_color_opacity=&#8221;1&#8243; background_hover_color_opacity=&#8221;1&#8243; column_link_target=&#8221;_self&#8221; column_shadow=&#8221;none&#8221; column_border_radius=&#8221;none&#8221; width=&#8221;1\/1&#8243; tablet_width_inherit=&#8221;default&#8221; tablet_text_alignment=&#8221;default&#8221; phone_text_alignment=&#8221;default&#8221; column_border_width=&#8221;none&#8221; column_border_style=&#8221;solid&#8221; bg_image_animation=&#8221;none&#8221;][vc_gallery type=&#8221;image_grid&#8221; images=&#8221;6133,6134,6135,6137,6138,6140,6142,6143,6145,6146,6147,6148,6149,6151,6152,6153,6154,6155&#8243; layout=&#8221;4&#8243; item_spacing=&#8221;default&#8221; gallery_style=&#8221;7&#8243; load_in_animation=&#8221;none&#8221; img_size=&#8221;600&#215;400&#8243;][\/vc_column][\/vc_row]\n","protected":false},"excerpt":{"rendered":"<p>[vc_row type=&#8221;full_width_background&#8221; full_screen_row_position=&#8221;middle&#8221; bg_color=&#8221;#f9f9f9&#8243; scene_position=&#8221;center&#8221; text_color=&#8221;dark&#8221; text_align=&#8221;left&#8221; top_padding=&#8221;4%&#8221; bottom_padding=&#8221;4%&#8221; overlay_strength=&#8221;0.3&#8243; shape_divider_position=&#8221;bottom&#8221; bg_image_animation=&#8221;none&#8221; shape_type=&#8221;&#8221;][vc_column column_padding=&#8221;padding-1-percent&#8221; column_padding_position=&#8221;all&#8221; background_color_opacity=&#8221;1&#8243; background_hover_color_opacity=&#8221;1&#8243; column_link_target=&#8221;_self&#8221; column_shadow=&#8221;none&#8221; column_border_radius=&#8221;none&#8221; width=&#8221;1\/3&#8243; tablet_width_inherit=&#8221;default&#8221; tablet_text_alignment=&#8221;default&#8221; phone_text_alignment=&#8221;default&#8221; column_border_width=&#8221;none&#8221;&#8230;<\/p>\n","protected":false},"author":2,"featured_media":0,"parent":0,"menu_order":0,"comment_status":"closed","ping_status":"closed","template":"","meta":{"footnotes":""},"class_list":["post-5887","page","type-page","status-publish"],"_links":{"self":[{"href":"https:\/\/colegiopassatempo.com.br\/index.php?rest_route=\/wp\/v2\/pages\/5887"}],"collection":[{"href":"https:\/\/colegiopassatempo.com.br\/index.php?rest_route=\/wp\/v2\/pages"}],"about":[{"href":"https:\/\/colegiopassatempo.com.br\/index.php?rest_route=\/wp\/v2\/types\/page"}],"author":[{"embeddable":true,"href":"https:\/\/colegiopassatempo.com.br\/index.php?rest_route=\/wp\/v2\/users\/2"}],"replies":[{"embeddable":true,"href":"https:\/\/colegiopassatempo.com.br\/index.php?rest_route=%2Fwp%2Fv2%2Fcomments&post=5887"}],"version-history":[{"count":0,"href":"https:\/\/colegiopassatempo.com.br\/index.php?rest_route=\/wp\/v2\/pages\/5887\/revisions"}],"wp:attachment":[{"href":"https:\/\/colegiopassatempo.com.br\/index.php?rest_route=%2Fwp%2Fv2%2Fmedia&parent=5887"}],"curies":[{"name":"wp","href":"https:\/\/api.w.org\/{rel}","templated":true}]}}