{"id":5881,"date":"2019-05-19T10:21:25","date_gmt":"2019-05-19T13:21:25","guid":{"rendered":"https:\/\/colegiopassatempo.com.br\/?page_id=5881"},"modified":"2019-07-01T14:20:53","modified_gmt":"2019-07-01T17:20:53","slug":"institucional","status":"publish","type":"page","link":"http:\/\/colegiopassatempo.com.br\/?page_id=5881","title":{"rendered":"Institucional"},"content":{"rendered":"[vc_row type=&#8221;full_width_content&#8221; full_screen_row_position=&#8221;middle&#8221; equal_height=&#8221;yes&#8221; content_placement=&#8221;middle&#8221; bg_color=&#8221;#ffffff&#8221; scene_position=&#8221;center&#8221; text_color=&#8221;dark&#8221; text_align=&#8221;left&#8221; overlay_strength=&#8221;0.3&#8243; shape_divider_position=&#8221;bottom&#8221; bg_image_animation=&#8221;none&#8221;][vc_column column_padding=&#8221;padding-10-percent&#8221; column_padding_position=&#8221;all&#8221; background_color=&#8221;#f4f4f4&#8243; background_color_opacity=&#8221;1&#8243; background_hover_color_opacity=&#8221;1&#8243; column_link_target=&#8221;_self&#8221; column_shadow=&#8221;none&#8221; column_border_radius=&#8221;none&#8221; width=&#8221;1\/2&#8243; tablet_width_inherit=&#8221;default&#8221; tablet_text_alignment=&#8221;default&#8221; phone_text_alignment=&#8221;default&#8221; column_border_width=&#8221;none&#8221; column_border_style=&#8221;solid&#8221; bg_image_animation=&#8221;none&#8221;][vc_row_inner column_margin=&#8221;default&#8221; text_align=&#8221;left&#8221;][vc_column_inner column_padding=&#8221;no-extra-padding&#8221; column_padding_position=&#8221;all&#8221; background_color_opacity=&#8221;1&#8243; background_hover_color_opacity=&#8221;1&#8243; column_shadow=&#8221;none&#8221; column_border_radius=&#8221;none&#8221; column_link_target=&#8221;_self&#8221; width=&#8221;1\/1&#8243; tablet_width_inherit=&#8221;default&#8221; column_border_width=&#8221;none&#8221; column_border_style=&#8221;solid&#8221; bg_image_animation=&#8221;none&#8221; enable_animation=&#8221;true&#8221; animation=&#8221;fade-in-from-bottom&#8221;][vc_custom_heading text=&#8221;Desde 1997&#8243; font_container=&#8221;tag:h5|text_align:left|color:%23a93ded&#8221; use_theme_fonts=&#8221;yes&#8221; css=&#8221;.vc_custom_1558612520571{margin-bottom: 10px !important;}&#8221;][vc_custom_heading text=&#8221;Semeando o conhecimento e os valores para um futuro melhor&#8221; font_container=&#8221;tag:h2|font_size:40|text_align:left|line_height:50px&#8221; use_theme_fonts=&#8221;yes&#8221;][vc_custom_heading text=&#8221;O Col\u00e9gio Passatempo est\u00e1 desde 1997 no mercado educacional e \u00e9 uma institui\u00e7\u00e3o privada de ensino que visa, o conhecimento, no espa\u00e7o das rela\u00e7\u00f5es ensino\/aprendizado.&#8221; font_container=&#8221;tag:p|text_align:left|color:rgba(10%2C10%2C10%2C0.6)&#8221; use_theme_fonts=&#8221;yes&#8221;][vc_custom_heading text=&#8221;O nosso compromisso \u00e9 incentivar e agu\u00e7ar a curiosidade pelo saber de nossos alunos.&#8221; font_container=&#8221;tag:p|text_align:left|color:rgba(10%2C10%2C10%2C0.6)&#8221; use_theme_fonts=&#8221;yes&#8221;][vc_custom_heading text=&#8221;O aluno \u00e9 a raz\u00e3o de ser da nossa proposta pedag\u00f3gica. Isso significa que cabe ao Col\u00e9gio propiciar aos nossos alunos a aquisi\u00e7\u00e3o e a produ\u00e7\u00e3o de conhecimento, respeitando a sua individualidade.&#8221; font_container=&#8221;tag:p|text_align:left|color:rgba(10%2C10%2C10%2C0.6)&#8221; use_theme_fonts=&#8221;yes&#8221;][\/vc_column_inner][\/vc_row_inner][\/vc_column][vc_column column_padding=&#8221;no-extra-padding&#8221; column_padding_position=&#8221;all&#8221; background_color_opacity=&#8221;1&#8243; background_hover_color_opacity=&#8221;1&#8243; background_image=&#8221;5859&#8243; enable_bg_scale=&#8221;true&#8221; column_link_target=&#8221;_self&#8221; column_shadow=&#8221;none&#8221; column_border_radius=&#8221;none&#8221; width=&#8221;1\/2&#8243; tablet_width_inherit=&#8221;default&#8221; tablet_text_alignment=&#8221;default&#8221; phone_text_alignment=&#8221;default&#8221; column_border_width=&#8221;none&#8221; column_border_style=&#8221;solid&#8221; bg_image_animation=&#8221;none&#8221;][\/vc_column][\/vc_row][vc_row type=&#8221;full_width_content&#8221; full_screen_row_position=&#8221;middle&#8221; equal_height=&#8221;yes&#8221; content_placement=&#8221;middle&#8221; scene_position=&#8221;center&#8221; text_color=&#8221;dark&#8221; text_align=&#8221;left&#8221; overlay_strength=&#8221;0.3&#8243; shape_divider_position=&#8221;bottom&#8221; bg_image_animation=&#8221;none&#8221;][vc_column column_padding=&#8221;no-extra-padding&#8221; column_padding_position=&#8221;all&#8221; background_color_opacity=&#8221;1&#8243; background_hover_color_opacity=&#8221;1&#8243; background_image=&#8221;5816&#8243; enable_bg_scale=&#8221;true&#8221; column_link_target=&#8221;_self&#8221; column_shadow=&#8221;none&#8221; column_border_radius=&#8221;none&#8221; width=&#8221;1\/2&#8243; tablet_width_inherit=&#8221;default&#8221; tablet_text_alignment=&#8221;default&#8221; phone_text_alignment=&#8221;default&#8221; column_border_width=&#8221;none&#8221; column_border_style=&#8221;solid&#8221; bg_image_animation=&#8221;none&#8221;][\/vc_column][vc_column column_padding=&#8221;padding-10-percent&#8221; column_padding_position=&#8221;all&#8221; background_color=&#8221;#ffffff&#8221; background_color_opacity=&#8221;1&#8243; background_hover_color_opacity=&#8221;1&#8243; column_link_target=&#8221;_self&#8221; column_shadow=&#8221;none&#8221; column_border_radius=&#8221;none&#8221; width=&#8221;1\/2&#8243; tablet_width_inherit=&#8221;default&#8221; tablet_text_alignment=&#8221;default&#8221; phone_text_alignment=&#8221;default&#8221; column_border_width=&#8221;none&#8221; column_border_style=&#8221;solid&#8221; bg_image_animation=&#8221;none&#8221;][vc_row_inner column_margin=&#8221;default&#8221; text_align=&#8221;left&#8221;][vc_column_inner column_padding=&#8221;no-extra-padding&#8221; column_padding_position=&#8221;all&#8221; background_color_opacity=&#8221;1&#8243; background_hover_color_opacity=&#8221;1&#8243; column_shadow=&#8221;none&#8221; column_border_radius=&#8221;none&#8221; column_link_target=&#8221;_self&#8221; width=&#8221;1\/1&#8243; tablet_width_inherit=&#8221;default&#8221; column_border_width=&#8221;none&#8221; column_border_style=&#8221;solid&#8221; bg_image_animation=&#8221;none&#8221; enable_animation=&#8221;true&#8221; animation=&#8221;fade-in-from-bottom&#8221;][vc_custom_heading text=&#8221;Desenvolvimento Humanizado&#8221; font_container=&#8221;tag:h5|text_align:left|color:%23bfbfbf&#8221; use_theme_fonts=&#8221;yes&#8221; css=&#8221;.vc_custom_1558612677033{margin-bottom: 10px !important;}&#8221;][vc_custom_heading text=&#8221;Cada crian\u00e7a evolui de uma forma. Aqui respeitamos e damos suporte para todas&#8221; font_container=&#8221;tag:h2|font_size:40|text_align:left|line_height:50px&#8221; use_theme_fonts=&#8221;yes&#8221;][vc_custom_heading text=&#8221;A rela\u00e7\u00e3o de confian\u00e7a m\u00fatua e a identifica\u00e7\u00e3o dos pais com os valores b\u00e1sicos do Col\u00e9gio s\u00e3o fatores fundamentais para a plena realiza\u00e7\u00e3o da proposta educacional.&#8221; font_container=&#8221;tag:p|text_align:left|color:rgba(10%2C10%2C10%2C0.6)&#8221; use_theme_fonts=&#8221;yes&#8221;][vc_custom_heading text=&#8221;Al\u00e9m de Profissionais qualificados o Col\u00e9gio Passatempo busca assegurar qualidade do trabalho e aux\u00edlio aos nossos profissionais visando a produtividade e troca mutua entres os mesmos.&#8221; font_container=&#8221;tag:p|text_align:left|color:rgba(10%2C10%2C10%2C0.6)&#8221; use_theme_fonts=&#8221;yes&#8221;][vc_custom_heading text=&#8221;Miss\u00e3o&#8221; font_container=&#8221;tag:h3|font_size:40|text_align:left|line_height:50px&#8221; use_theme_fonts=&#8221;yes&#8221;][vc_custom_heading text=&#8221;Uma educa\u00e7\u00e3o de qualidade ofertando a autonomia, valorizando as diferen\u00e7as, confian\u00e7a, afeto e compromisso.&#8221; font_container=&#8221;tag:p|text_align:left|color:rgba(10%2C10%2C10%2C0.6)&#8221; use_theme_fonts=&#8221;yes&#8221;][vc_custom_heading text=&#8221;Vis\u00e3o&#8221; font_container=&#8221;tag:h3|font_size:40|text_align:left|line_height:50px&#8221; use_theme_fonts=&#8221;yes&#8221;][vc_custom_heading text=&#8221;Ser um diferencial no ensino \u2013 aprendizagem sempre com qualidade, \u00e9tica e comprometimento, cuidar de cada aluno como membro da Fam\u00edlia Passatempo.&#8221; font_container=&#8221;tag:p|text_align:left|color:rgba(10%2C10%2C10%2C0.6)&#8221; use_theme_fonts=&#8221;yes&#8221;][vc_custom_heading text=&#8221;Valores&#8221; font_container=&#8221;tag:h3|font_size:40|text_align:left|line_height:50px&#8221; use_theme_fonts=&#8221;yes&#8221;][vc_custom_heading text=&#8221;Respeitar nossos alunos, pais e colaboradores. Responsabilidade social, autonomia e compromisso.&#8221; font_container=&#8221;tag:p|text_align:left|color:rgba(10%2C10%2C10%2C0.6)&#8221; use_theme_fonts=&#8221;yes&#8221;][\/vc_column_inner][\/vc_row_inner][\/vc_column][\/vc_row]\n","protected":false},"excerpt":{"rendered":"<p>[vc_row type=&#8221;full_width_content&#8221; full_screen_row_position=&#8221;middle&#8221; equal_height=&#8221;yes&#8221; content_placement=&#8221;middle&#8221; bg_color=&#8221;#ffffff&#8221; scene_position=&#8221;center&#8221; text_color=&#8221;dark&#8221; text_align=&#8221;left&#8221; overlay_strength=&#8221;0.3&#8243; shape_divider_position=&#8221;bottom&#8221; bg_image_animation=&#8221;none&#8221;][vc_column column_padding=&#8221;padding-10-percent&#8221; column_padding_position=&#8221;all&#8221; background_color=&#8221;#f4f4f4&#8243; background_color_opacity=&#8221;1&#8243; background_hover_color_opacity=&#8221;1&#8243; column_link_target=&#8221;_self&#8221; column_shadow=&#8221;none&#8221; column_border_radius=&#8221;none&#8221; width=&#8221;1\/2&#8243; tablet_width_inherit=&#8221;default&#8221; tablet_text_alignment=&#8221;default&#8221; phone_text_alignment=&#8221;default&#8221; column_border_width=&#8221;none&#8221;&#8230;<\/p>\n","protected":false},"author":2,"featured_media":0,"parent":0,"menu_order":0,"comment_status":"closed","ping_status":"closed","template":"","meta":{"footnotes":""},"class_list":["post-5881","page","type-page","status-publish"],"_links":{"self":[{"href":"http:\/\/colegiopassatempo.com.br\/index.php?rest_route=\/wp\/v2\/pages\/5881"}],"collection":[{"href":"http:\/\/colegiopassatempo.com.br\/index.php?rest_route=\/wp\/v2\/pages"}],"about":[{"href":"http:\/\/colegiopassatempo.com.br\/index.php?rest_route=\/wp\/v2\/types\/page"}],"author":[{"embeddable":true,"href":"http:\/\/colegiopassatempo.com.br\/index.php?rest_route=\/wp\/v2\/users\/2"}],"replies":[{"embeddable":true,"href":"http:\/\/colegiopassatempo.com.br\/index.php?rest_route=%2Fwp%2Fv2%2Fcomments&post=5881"}],"version-history":[{"count":0,"href":"http:\/\/colegiopassatempo.com.br\/index.php?rest_route=\/wp\/v2\/pages\/5881\/revisions"}],"wp:attachment":[{"href":"http:\/\/colegiopassatempo.com.br\/index.php?rest_route=%2Fwp%2Fv2%2Fmedia&parent=5881"}],"curies":[{"name":"wp","href":"https:\/\/api.w.org\/{rel}","templated":true}]}}